{"id":360,"date":"2015-05-29T14:46:37","date_gmt":"2015-05-29T13:46:37","guid":{"rendered":"http:\/\/tricker.cz\/?page_id=360"},"modified":"2022-10-03T09:29:37","modified_gmt":"2022-10-03T08:29:37","slug":"o-me","status":"publish","type":"page","link":"https:\/\/tricker.cz\/?page_id=360","title":{"rendered":"O mn\u011b"},"content":{"rendered":"\n<p>V\u011b\u010dn\u00fd optimista, kter\u00fd se to\u010d\u00ed okolo internetu, jeho budov\u00e1n\u00ed, syst\u00e9m\u016f pro spr\u00e1vu a skriptov\u00e1n\u00ed.<\/p>\n\n\n\n<h3 class=\"wp-block-heading\"><strong>Projekty:<\/strong><\/h3>\n\n\n\n<h4 class=\"wp-block-heading\"><strong>Syst\u00e9m pro ISP<\/strong><\/h4>\n\n\n<div class=\"wp-block-image\">\n<figure class=\"aligncenter size-full is-resized\"><a href=\"http:\/\/tricker.cz\/wp-content\/uploads\/2021\/09\/SE-1-edited.png\"><img decoding=\"async\" loading=\"lazy\" src=\"http:\/\/tricker.cz\/wp-content\/uploads\/2021\/09\/SE-1-edited.png\" alt=\"\" class=\"wp-image-592\" width=\"416\" height=\"416\" srcset=\"https:\/\/tricker.cz\/wp-content\/uploads\/2021\/09\/SE-1-edited.png 800w, https:\/\/tricker.cz\/wp-content\/uploads\/2021\/09\/SE-1-edited-300x300.png 300w, https:\/\/tricker.cz\/wp-content\/uploads\/2021\/09\/SE-1-edited-150x150.png 150w, https:\/\/tricker.cz\/wp-content\/uploads\/2021\/09\/SE-1-edited-768x769.png 768w\" sizes=\"(max-width: 416px) 100vw, 416px\" \/><\/a><\/figure><\/div>\n\n\n<ul><li>Nasazen\u00fd na n\u011bkolika pobo\u010dk\u00e1ch po \u010cR.<\/li><li>Kompletn\u00ed spr\u00e1va z\u00e1kazn\u00edk\u016f a za\u0159\u00edzen\u00ed, e-maily, fakturace v\u010d. syst\u00e9mu pro upom\u00edn\u00e1n\u00ed, generov\u00e1n\u00ed PDF, dohled za\u0159\u00edzen\u00ed, interaktivn\u00ed mapy s\u00edt\u011b, datab\u00e1ze v\u00fdjezd\u016f, servis\u016f, reklamac\u00ed, cen\u00edk\u016f, PC sestav, objedn\u00e1vek&#8230;<\/li><li>Spr\u00e1va IPTV v\u010d. napojen\u00ed na syst\u00e9m 4NET, spr\u00e1va VoIP slu\u017eeb.<\/li><li>Wiki v\u010d. stovek str\u00e1nek s n\u00e1vody a postupy.<\/li><li>Napojen\u00ed na \u00fast\u0159ednu a \u00fa\u010detnictv\u00ed Money S4.<\/li><li>P\u0159\u00edm\u00e9 vy\u010d\u00edt\u00e1n\u00ed a diagnostika router\u016f, switch\u016f a PONu.<\/li><li>Interaktivn\u00ed kalend\u00e1\u0159 pro pl\u00e1nov\u00e1n\u00ed prac\u00ed.<\/li><li>Napojen\u00ed na dohledov\u00fd syst\u00e9m ZABBIX pro vy\u010d\u00edt\u00e1n\u00ed nov\u011b p\u0159idan\u00fdch za\u0159\u00edzen\u00ed do s\u00edt\u011b a naopak zalo\u017een\u00ed za\u0159\u00edzen\u00ed s pat\u0159i\u010dnou \u0161ablonou, vy\u010d\u00edt\u00e1n\u00ed graf\u016f zp\u011bt p\u0159\u00edmo do syst\u00e9mu.<\/li><li>Spr\u00e1va virtu\u00e1ln\u00edho mobiln\u00edho oper\u00e1tora a propojen\u00ed s API T-Mobile.<\/li><li>\u0158ada utilit, zjednodu\u0161en\u00ed pro zrychlen\u00ed pr\u00e1ce a p\u0159\u00edmo\u010da\u0159ej\u0161\u00ed postupy.<\/li><li>Pokud mo\u017eno automatick\u00fd p\u0159\u00edstup ke spr\u00e1v\u011b s\u00edt\u011b a informac\u00ed o n\u00ed.<\/li><\/ul>\n\n\n\n<div class=\"wp-block-columns is-layout-flex wp-container-4 wp-block-columns-is-layout-flex\">\n<div class=\"wp-block-column is-layout-flow wp-block-column-is-layout-flow\">\n<figure class=\"wp-block-image size-large\"><a href=\"http:\/\/tricker.cz\/wp-content\/uploads\/2021\/08\/SE-2.png\"><img decoding=\"async\" loading=\"lazy\" width=\"1024\" height=\"684\" src=\"http:\/\/tricker.cz\/wp-content\/uploads\/2021\/08\/SE-2-1024x684.png\" alt=\"\" class=\"wp-image-588\" srcset=\"https:\/\/tricker.cz\/wp-content\/uploads\/2021\/08\/SE-2-1024x684.png 1024w, https:\/\/tricker.cz\/wp-content\/uploads\/2021\/08\/SE-2-300x200.png 300w, https:\/\/tricker.cz\/wp-content\/uploads\/2021\/08\/SE-2-768x513.png 768w, https:\/\/tricker.cz\/wp-content\/uploads\/2021\/08\/SE-2.png 1176w\" sizes=\"(max-width: 1024px) 100vw, 1024px\" \/><\/a><\/figure>\n<\/div>\n\n\n\n<div class=\"wp-block-column is-layout-flow wp-block-column-is-layout-flow\">\n<figure class=\"wp-block-image size-full\"><a href=\"http:\/\/tricker.cz\/wp-content\/uploads\/2021\/08\/SE-3.png\"><img decoding=\"async\" loading=\"lazy\" width=\"750\" height=\"511\" src=\"http:\/\/tricker.cz\/wp-content\/uploads\/2021\/08\/SE-3.png\" alt=\"\" class=\"wp-image-589\" srcset=\"https:\/\/tricker.cz\/wp-content\/uploads\/2021\/08\/SE-3.png 750w, https:\/\/tricker.cz\/wp-content\/uploads\/2021\/08\/SE-3-300x204.png 300w\" sizes=\"(max-width: 750px) 100vw, 750px\" \/><\/a><\/figure>\n<\/div>\n\n\n\n<div class=\"wp-block-column is-layout-flow wp-block-column-is-layout-flow\">\n<figure class=\"wp-block-image size-full\"><a href=\"http:\/\/tricker.cz\/wp-content\/uploads\/2015\/05\/SE3.jpg\"><img decoding=\"async\" loading=\"lazy\" width=\"500\" height=\"386\" src=\"http:\/\/tricker.cz\/wp-content\/uploads\/2015\/05\/SE3.jpg\" alt=\"\" class=\"wp-image-376\" srcset=\"https:\/\/tricker.cz\/wp-content\/uploads\/2015\/05\/SE3.jpg 500w, https:\/\/tricker.cz\/wp-content\/uploads\/2015\/05\/SE3-300x232.jpg 300w\" sizes=\"(max-width: 500px) 100vw, 500px\" \/><\/a><\/figure>\n<\/div>\n<\/div>\n\n\n\n<h4 class=\"wp-block-heading\"><strong>TMEP.cz<\/strong><\/h4>\n\n\n<div class=\"wp-block-image\">\n<figure class=\"aligncenter size-full is-resized\"><a href=\"https:\/\/tricker.cz\/wp-content\/uploads\/2022\/10\/image.png\"><img decoding=\"async\" loading=\"lazy\" src=\"https:\/\/tricker.cz\/wp-content\/uploads\/2022\/10\/image.png\" alt=\"\" class=\"wp-image-662\" width=\"516\" height=\"486\" srcset=\"https:\/\/tricker.cz\/wp-content\/uploads\/2022\/10\/image.png 980w, https:\/\/tricker.cz\/wp-content\/uploads\/2022\/10\/image-300x283.png 300w, https:\/\/tricker.cz\/wp-content\/uploads\/2022\/10\/image-768x725.png 768w, https:\/\/tricker.cz\/wp-content\/uploads\/2022\/10\/image-600x566.png 600w, https:\/\/tricker.cz\/wp-content\/uploads\/2022\/10\/image-945x892.png 945w\" sizes=\"(max-width: 516px) 100vw, 516px\" \/><\/a><\/figure><\/div>\n\n\n<p>Hosting aplikace TMEP pro ka\u017ed\u00e9ho s \u0159adou funkc\u00ed nav\u00edc. Vizualizace a statistiky z nam\u011b\u0159en\u00fdch teplotn\u00edch (a vlhkostn\u00edch) \u010didel rychle a jednodu\u0161e. Na zak\u00e1zku byla realizovan\u00e1 i vlastn\u00ed upraven\u00e1 verze nasazen\u00e1 na intranet n\u011bkolika mezin\u00e1rodn\u00edch firem.<br>Web: <a href=\"https:\/\/www.tmep.cz\">https:\/\/www.tmep.cz<\/a><\/p>\n\n\n\n<h4 class=\"wp-block-heading\"><strong>TMEP<\/strong><\/h4>\n\n\n<div class=\"wp-block-image\">\n<figure class=\"aligncenter\"><img decoding=\"async\" loading=\"lazy\" width=\"500\" height=\"424\" src=\"http:\/\/tricker.cz\/wp-content\/uploads\/2015\/05\/TMEP.jpg\" alt=\"TMEP\" class=\"wp-image-367\" srcset=\"https:\/\/tricker.cz\/wp-content\/uploads\/2015\/05\/TMEP.jpg 500w, https:\/\/tricker.cz\/wp-content\/uploads\/2015\/05\/TMEP-300x254.jpg 300w\" sizes=\"(max-width: 500px) 100vw, 500px\" \/><\/figure><\/div>\n\n\n<p>Projekt s otev\u0159en\u00fdm zdrojov\u00fdm k\u00f3dem pro vizualizaci nam\u011b\u0159en\u00e9 teploty a vlhkosti p\u0159edev\u0161\u00edm ze za\u0159\u00edzen\u00ed TME a TH2E od firmy Papouch.<br>GitHub: <a href=\"https:\/\/github.com\/MultiTricker\/TMEP\">https:\/\/github.com\/MultiTricker\/TMEP<\/a><br>Uk\u00e1zka: <a href=\"https:\/\/roudnice.eu\/\">https:\/\/roudnice.eu\/<\/a><\/p>\n\n\n\n<h4 class=\"wp-block-heading\">IOT port\u00e1l<\/h4>\n\n\n<div class=\"wp-block-image\">\n<figure class=\"aligncenter size-full is-resized\"><a href=\"https:\/\/tricker.cz\/wp-content\/uploads\/2021\/09\/IOTPORTAL-1.png\"><img decoding=\"async\" loading=\"lazy\" src=\"https:\/\/tricker.cz\/wp-content\/uploads\/2021\/09\/IOTPORTAL-1.png\" alt=\"\" class=\"wp-image-603\" width=\"450\" height=\"407\" srcset=\"https:\/\/tricker.cz\/wp-content\/uploads\/2021\/09\/IOTPORTAL-1.png 970w, https:\/\/tricker.cz\/wp-content\/uploads\/2021\/09\/IOTPORTAL-1-300x272.png 300w, https:\/\/tricker.cz\/wp-content\/uploads\/2021\/09\/IOTPORTAL-1-768x695.png 768w\" sizes=\"(max-width: 450px) 100vw, 450px\" \/><\/a><\/figure><\/div>\n\n\n<p>Syst\u00e9m pro sb\u011br dat zas\u00edlan\u00fdch r\u016fzn\u00fdmi typy za\u0159\u00edzen\u00ed a \u010didel.<\/p>\n\n\n\n<ul><li>Definice za\u0159\u00edzen\u00ed pomoc\u00ed \u0161ablon a d\u011bd\u011bn\u00ed parametr\u016f.<\/li><li>\u010clen\u011bn\u00ed za\u0159\u00edzen\u00ed do projekt\u016f a z\u00e1kazn\u00edk\u016f.<\/li><li>Odes\u00edl\u00e1n\u00ed p\u0159\u00edkaz\u016f na za\u0159\u00edzen\u00ed.<\/li><li>Syst\u00e9m v\u00fdstrah a jejich odes\u00edl\u00e1n\u00ed e-mailem.<\/li><li>API pro vy\u010d\u00edt\u00e1n\u00ed dat ulo\u017een\u00fdch do syst\u00e9mu.<\/li><\/ul>\n\n\n\n<p>Vyvinuto pro firmu <a href=\"https:\/\/www.colaut.cz\/\">COLSYS &#8211; AUTOMATIK<\/a>.<\/p>\n\n\n\n<h4 class=\"wp-block-heading\">\u0158\u00edzen\u00ed p\u0159\u00edstupu do internetu ve t\u0159\u00edd\u00e1ch \u0161kol<\/h4>\n\n\n\n<figure class=\"wp-block-image size-large\"><a href=\"https:\/\/tricker.cz\/wp-content\/uploads\/2021\/09\/OneClick-1.png\"><img decoding=\"async\" loading=\"lazy\" width=\"1024\" height=\"613\" src=\"https:\/\/tricker.cz\/wp-content\/uploads\/2021\/09\/OneClick-1-1024x613.png\" alt=\"\" class=\"wp-image-600\" srcset=\"https:\/\/tricker.cz\/wp-content\/uploads\/2021\/09\/OneClick-1-1024x613.png 1024w, https:\/\/tricker.cz\/wp-content\/uploads\/2021\/09\/OneClick-1-300x179.png 300w, https:\/\/tricker.cz\/wp-content\/uploads\/2021\/09\/OneClick-1-768x459.png 768w, https:\/\/tricker.cz\/wp-content\/uploads\/2021\/09\/OneClick-1.png 1095w\" sizes=\"(max-width: 1024px) 100vw, 1024px\" \/><\/a><\/figure>\n\n\n\n<p>Aplikace vy\u010d\u00edt\u00e1 a dok\u00e1\u017ee rezervovat DHCP pro za\u0159\u00edzen\u00ed. Funguje na konkr\u00e9tn\u00ed za\u0159\u00edzen\u00ed nebo v p\u0159\u00edpad\u011b propojen\u00ed s Active directory i na konkr\u00e9tn\u00ed u\u017eivatele\/skupiny.<\/p>\n\n\n\n<div class=\"wp-block-columns is-layout-flex wp-container-7 wp-block-columns-is-layout-flex\">\n<div class=\"wp-block-column is-layout-flow wp-block-column-is-layout-flow\">\n<figure class=\"wp-block-image size-large\"><a href=\"https:\/\/tricker.cz\/wp-content\/uploads\/2021\/09\/OneClick-2.png\"><img decoding=\"async\" loading=\"lazy\" width=\"1024\" height=\"705\" src=\"https:\/\/tricker.cz\/wp-content\/uploads\/2021\/09\/OneClick-2-1024x705.png\" alt=\"\" class=\"wp-image-601\" srcset=\"https:\/\/tricker.cz\/wp-content\/uploads\/2021\/09\/OneClick-2-1024x705.png 1024w, https:\/\/tricker.cz\/wp-content\/uploads\/2021\/09\/OneClick-2-300x207.png 300w, https:\/\/tricker.cz\/wp-content\/uploads\/2021\/09\/OneClick-2-768x529.png 768w, https:\/\/tricker.cz\/wp-content\/uploads\/2021\/09\/OneClick-2.png 1095w\" sizes=\"(max-width: 1024px) 100vw, 1024px\" \/><\/a><\/figure>\n<\/div>\n\n\n\n<div class=\"wp-block-column is-layout-flow wp-block-column-is-layout-flow\">\n<figure class=\"wp-block-image size-large\"><a href=\"https:\/\/tricker.cz\/wp-content\/uploads\/2021\/09\/OneClick-3.png\"><img decoding=\"async\" loading=\"lazy\" width=\"1024\" height=\"404\" src=\"https:\/\/tricker.cz\/wp-content\/uploads\/2021\/09\/OneClick-3-1024x404.png\" alt=\"\" class=\"wp-image-602\" srcset=\"https:\/\/tricker.cz\/wp-content\/uploads\/2021\/09\/OneClick-3-1024x404.png 1024w, https:\/\/tricker.cz\/wp-content\/uploads\/2021\/09\/OneClick-3-300x118.png 300w, https:\/\/tricker.cz\/wp-content\/uploads\/2021\/09\/OneClick-3-768x303.png 768w, https:\/\/tricker.cz\/wp-content\/uploads\/2021\/09\/OneClick-3.png 1095w\" sizes=\"(max-width: 1024px) 100vw, 1024px\" \/><\/a><\/figure>\n<\/div>\n<\/div>\n\n\n\n<h4 class=\"wp-block-heading\">Evidence n\u00e1v\u0161t\u011bv<\/h4>\n\n\n<div class=\"wp-block-image\">\n<figure class=\"aligncenter size-medium is-resized\"><a href=\"https:\/\/tricker.cz\/wp-content\/uploads\/2021\/09\/Evidence-navstev-1.png\"><img decoding=\"async\" loading=\"lazy\" src=\"https:\/\/tricker.cz\/wp-content\/uploads\/2021\/09\/Evidence-navstev-1-157x300.png\" alt=\"\" class=\"wp-image-604\" width=\"196\" height=\"375\" srcset=\"https:\/\/tricker.cz\/wp-content\/uploads\/2021\/09\/Evidence-navstev-1-157x300.png 157w, https:\/\/tricker.cz\/wp-content\/uploads\/2021\/09\/Evidence-navstev-1-536x1024.png 536w, https:\/\/tricker.cz\/wp-content\/uploads\/2021\/09\/Evidence-navstev-1-768x1467.png 768w, https:\/\/tricker.cz\/wp-content\/uploads\/2021\/09\/Evidence-navstev-1-804x1536.png 804w, https:\/\/tricker.cz\/wp-content\/uploads\/2021\/09\/Evidence-navstev-1-1072x2048.png 1072w, https:\/\/tricker.cz\/wp-content\/uploads\/2021\/09\/Evidence-navstev-1.png 1200w\" sizes=\"(max-width: 196px) 100vw, 196px\" \/><\/a><\/figure><\/div>\n\n\n<p>Aplikace slou\u017e\u00ed pro registraci n\u00e1v\u0161t\u011bvy a jej\u00ed sezn\u00e1men\u00ed s bezpe\u010dnostn\u00edmi pokyny spole\u010dnosti. Po podpisu na dotykov\u00e9 obrazovce dojde k vyti\u0161t\u011bn\u00ed \u0161t\u00edtku\/vizitky a ulo\u017een\u00ed informac\u00ed do syst\u00e9mu. Sou\u010d\u00e1st\u00ed \u0161t\u00edtku je QR k\u00f3d, kter\u00fd slou\u017e\u00ed pro odhl\u00e1\u0161en\u00ed n\u00e1v\u0161t\u011bvn\u00edka p\u0159i jeho odchodu.<\/p>\n\n\n\n<h4 class=\"wp-block-heading\">Statistky dopravn\u00edch informac\u00ed z kamer<\/h4>\n\n\n\n<figure class=\"wp-block-image size-large\"><a href=\"https:\/\/tricker.cz\/wp-content\/uploads\/2021\/09\/Traffic-1.png\"><img decoding=\"async\" loading=\"lazy\" width=\"1024\" height=\"746\" src=\"https:\/\/tricker.cz\/wp-content\/uploads\/2021\/09\/Traffic-1-1024x746.png\" alt=\"\" class=\"wp-image-605\" srcset=\"https:\/\/tricker.cz\/wp-content\/uploads\/2021\/09\/Traffic-1-1024x746.png 1024w, https:\/\/tricker.cz\/wp-content\/uploads\/2021\/09\/Traffic-1-300x219.png 300w, https:\/\/tricker.cz\/wp-content\/uploads\/2021\/09\/Traffic-1-768x559.png 768w, https:\/\/tricker.cz\/wp-content\/uploads\/2021\/09\/Traffic-1.png 1256w\" sizes=\"(max-width: 1024px) 100vw, 1024px\" \/><\/a><\/figure>\n\n\n\n<p>Evidence po\u010dtu pr\u016fjezd\u016f vozidel, denn\u00ed\/m\u011bs\u00ed\u010dn\u00ed statistiky za jednotliv\u00e9 kamery, souhrny, export do CSV, vyhled\u00e1v\u00e1n\u00ed podle SPZ.<\/p>\n\n\n\n<h4 class=\"wp-block-heading\"><strong>\u017d\u00e1kovsk\u00e1 po\u0161tou<\/strong><\/h4>\n\n\n<div class=\"wp-block-image\">\n<figure class=\"aligncenter\"><a href=\"https:\/\/www.zakovskapostou.cz\"><img decoding=\"async\" loading=\"lazy\" width=\"1024\" height=\"727\" src=\"http:\/\/tricker.cz\/wp-content\/uploads\/2015\/05\/zakovskapostou_cz-1024x727.png\" alt=\"\u017d\u00e1kovsk\u00e1 po\u0161tou\" class=\"wp-image-462\" srcset=\"https:\/\/tricker.cz\/wp-content\/uploads\/2015\/05\/zakovskapostou_cz-1024x727.png 1024w, https:\/\/tricker.cz\/wp-content\/uploads\/2015\/05\/zakovskapostou_cz-300x213.png 300w, https:\/\/tricker.cz\/wp-content\/uploads\/2015\/05\/zakovskapostou_cz-768x545.png 768w, https:\/\/tricker.cz\/wp-content\/uploads\/2015\/05\/zakovskapostou_cz-945x671.png 945w, https:\/\/tricker.cz\/wp-content\/uploads\/2015\/05\/zakovskapostou_cz-600x426.png 600w, https:\/\/tricker.cz\/wp-content\/uploads\/2015\/05\/zakovskapostou_cz.png 1280w\" sizes=\"(max-width: 1024px) 100vw, 1024px\" \/><\/a><\/figure><\/div>\n\n\n<p>Zas\u00edl\u00e1n\u00ed nov\u00fdch zn\u00e1mek a ozn\u00e1men\u00ed v \u017e\u00e1kovsk\u00e9 kn\u00ed\u017ece iSAS do e-mailu. Po p\u0159echodu \u0161koly na modern\u00ed \u0159e\u0161en\u00ed byla zru\u0161en\u00e1, k\u00f3d je na m\u00e9m GitHubu.<\/p>\n\n\n\n<h4 class=\"wp-block-heading\">Historick\u00e9 fotografie Roudnice nad Labem<\/h4>\n\n\n<div class=\"wp-block-image\">\n<figure class=\"aligncenter\"><a href=\"http:\/\/historicka.roudnice.eu\" target=\"_blank\" rel=\"noopener\"><img decoding=\"async\" loading=\"lazy\" width=\"1024\" height=\"805\" src=\"http:\/\/tricker.cz\/wp-content\/uploads\/2015\/05\/HR2-1024x805.jpg\" alt=\"\" class=\"wp-image-443\" srcset=\"https:\/\/tricker.cz\/wp-content\/uploads\/2015\/05\/HR2-1024x805.jpg 1024w, https:\/\/tricker.cz\/wp-content\/uploads\/2015\/05\/HR2-300x236.jpg 300w, https:\/\/tricker.cz\/wp-content\/uploads\/2015\/05\/HR2-768x604.jpg 768w, https:\/\/tricker.cz\/wp-content\/uploads\/2015\/05\/HR2-945x743.jpg 945w, https:\/\/tricker.cz\/wp-content\/uploads\/2015\/05\/HR2-600x472.jpg 600w, https:\/\/tricker.cz\/wp-content\/uploads\/2015\/05\/HR2.jpg 1245w\" sizes=\"(max-width: 1024px) 100vw, 1024px\" \/><\/a><\/figure><\/div>\n\n\n<p><a href=\"https:\/\/historicka.roudnice.eu\">https:\/\/historicka.roudnice.eu<\/a><\/p>\n\n\n\n<h4 class=\"wp-block-heading\"><strong>Panoramatick\u00e9 fotografie Roudnice nad Labem<\/strong><\/h4>\n\n\n<div class=\"wp-block-image\">\n<figure class=\"aligncenter\"><a href=\"http:\/\/pano.roudnice.eu\"><img decoding=\"async\" loading=\"lazy\" width=\"500\" height=\"380\" src=\"http:\/\/tricker.cz\/wp-content\/uploads\/2015\/05\/PANO.jpg\" alt=\"PANO\" class=\"wp-image-364\" srcset=\"https:\/\/tricker.cz\/wp-content\/uploads\/2015\/05\/PANO.jpg 500w, https:\/\/tricker.cz\/wp-content\/uploads\/2015\/05\/PANO-300x228.jpg 300w\" sizes=\"(max-width: 500px) 100vw, 500px\" \/><\/a><\/figure><\/div>\n\n\n<p><a href=\"https:\/\/pano.roudnice.eu\">https:\/\/pano.roudnice.eu<\/a><\/p>\n\n\n\n<h4 class=\"wp-block-heading\"><b>Informa\u010dn\u00ed syst\u00e9m pro jazykov\u00e9 \u0161koly<\/b><\/h4>\n\n\n<div class=\"wp-block-image\">\n<figure class=\"aligncenter\"><img decoding=\"async\" loading=\"lazy\" width=\"500\" height=\"417\" src=\"http:\/\/tricker.cz\/wp-content\/uploads\/2015\/05\/SKO.jpg\" alt=\"SKO\" class=\"wp-image-366\" srcset=\"https:\/\/tricker.cz\/wp-content\/uploads\/2015\/05\/SKO.jpg 500w, https:\/\/tricker.cz\/wp-content\/uploads\/2015\/05\/SKO-300x250.jpg 300w\" sizes=\"(max-width: 500px) 100vw, 500px\" \/><\/figure><\/div>\n\n\n<ul><li>Evidence pobo\u010dek, \u017e\u00e1k\u016f, firem, skupin \u017e\u00e1k\u016f, u\u010ditel\u016f, odu\u010den\u00fdch hodin&#8230;<\/li><li>Kalend\u00e1\u0159 pro u\u010ditele s mo\u017enost\u00ed vytvo\u0159it dle n\u011bj z\u00e1znamy odu\u010den\u00fdch hodin.<\/li><li>Tvorba a vyhodnocen\u00ed roz\u0159azovac\u00edch test\u016f.<\/li><li>Sestava podklad\u016f pro fakturaci pro u\u010ditele a firmy\/\u017e\u00e1ky.<\/li><\/ul>\n\n\n\n<h4 class=\"wp-block-heading\">Syst\u00e9m pro&nbsp;spolupr\u00e1ci na e-mailech<\/h4>\n\n\n<div class=\"wp-block-image\">\n<figure class=\"aligncenter\"><img decoding=\"async\" loading=\"lazy\" width=\"500\" height=\"409\" src=\"http:\/\/tricker.cz\/wp-content\/uploads\/2015\/05\/Maily.jpg\" alt=\"Spr\u00e1va e-mail\u016f\" class=\"wp-image-417\" srcset=\"https:\/\/tricker.cz\/wp-content\/uploads\/2015\/05\/Maily.jpg 500w, https:\/\/tricker.cz\/wp-content\/uploads\/2015\/05\/Maily-300x245.jpg 300w\" sizes=\"(max-width: 500px) 100vw, 500px\" \/><\/figure><\/div>\n\n\n<ul><li>\u0158e\u0161en\u00ed pro to, kdy\u017e je pot\u0159eba po\u0161tu \u0159e\u0161it ve v\u00edce lidech<\/li><li>Roz\u0159azov\u00e1n\u00ed e-mail\u016f mezi \u0159e\u0161itele, zobrazen\u00ed odpov\u011bd\u00ed u koresponduj\u00edc\u00edch e-mail\u016f.<\/li><li>Mo\u017enost ps\u00e1t pozn\u00e1mky\/diskusi u zpr\u00e1v.<\/li><li>Spr\u00e1va slo\u017eek, p\u0159edp\u0159ipraven\u00fdch \u0161ablon pro odpov\u011bdi v\u010detn\u011b nav\u00e1zan\u00fdch p\u0159\u00edloh.<\/li><li>Filtry pro automatick\u00e9 vy\u0159\u00edzen\u00ed\/roz\u0159azen\u00ed zpr\u00e1v na z\u00e1klad\u011b r\u016fzn\u00fdch krit\u00e9ri\u00ed.<\/li><li>Zobrazen\u00ed dal\u0161\u00edch e-mail\u016f od z\u00e1kazn\u00edka apod., automatick\u00fd napov\u00edda\u010d adres pro v\u0161echny.<\/li><\/ul>\n\n\n\n<h3 class=\"wp-block-heading\"><strong>Zku\u0161enosti:<\/strong><\/h3>\n\n\n\n<ul><li>HTML, CSS, JS, PHP, MySQL (v\u00edce jak 100 realizovan\u00fdch web\u016f), z redak\u010dn\u00edch syst\u00e9m\u016f zejm\u00e9na MODX, e-shop Presta.<\/li><li>Git (Github, Gitlab).<\/li><li>Routery, switche (Juniper, MikroTik, ZyXEL, D-Link, TP-Link, SignaMAX&#8230;). Jejich konfigurace, spr\u00e1va a skriptov\u00e1n\u00ed.<\/li><li>Webhosting (kompletn\u00ed instalace serveru v\u010detn\u011b konfigurace jednotliv\u00fdch slu\u017eeb [Apache, Nginx, Postfix, Dovecot\/Courier, MySQL&#8230;]).<\/li><li>IPTV (nastaven\u00ed IGMP, kompletn\u00ed naprogramov\u00e1n\u00ed prost\u0159ed\u00ed pro STB ZyXEL, content-server pro STB Antik; STB: Amino, ZyXEL, Antik, Albis; BeeSmart server &#8211; propojen\u00ed na DB, krmen\u00ed EPG&#8230;).<\/li><li>Linux (\u0159ada nainstalovan\u00fdch server\u016f pro r\u016fzn\u00e9 \u00fa\u010dely, p\u0159edev\u0161\u00edm Ubuntu, historicky Debian).<\/li><li>Historicky Windows server (n\u011bkolik \u0161koln\u00edch server\u016f s AD a r\u016fzn\u00fdmi slu\u017ebami).<\/li><li>A\u010d to k v\u00fd\u0161e uveden\u00e9mu technick\u00e9mu \u00fapln\u011b nesed\u00ed, tak i grafick\u00e9 pr\u00e1ce (Affinity Photo, Designer a Publisher [p\u0159edt\u00edm Photoshop, Illustrator a InDesign]) s respektov\u00e1n\u00edm z\u00e1kladn\u00edch princip\u016f designu a typografie. Des\u00edtky let\u00e1k\u016f, produktov\u00fdch nab\u00eddek, p\u0159\u00edru\u010dky a manu\u00e1ly, polepy apod.<\/li><li>V\u00fdvojov\u00e9 prost\u0159ed\u00ed phpStorm.<\/li><li><a href=\"https:\/\/www.codeschool.com\/users\/284443\">CodeSchool<\/a><\/li><\/ul>\n\n\n\n<p>Nejd\u016fle\u017eit\u011bj\u0161\u00ed prax\u00ed nabyt\u00e9 a vypilovan\u00e9 zku\u0161enosti, kter\u00e9 by m\u011bl ka\u017ed\u00fd m\u00edt:<\/p>\n\n\n\n<ul><li>Dop\u0159edu vypracovat jasn\u00e9 zad\u00e1n\u00ed spolu s \u010dasov\u00fdm pl\u00e1nem a finan\u010dn\u00ed n\u00e1ro\u010dnost\u00ed a to splnit.<\/li><li>M\u00e1m r\u00e1d v\u00fdzvy, pr\u00e1ci p\u0159ij\u00edm\u00e1m s nad\u0161en\u00edm.<\/li><li>R\u00e1d spolupracuji.<\/li><\/ul>\n\n\n\n<p><strong>Projekty vn\u00edm\u00e1m jako \u0161ir\u0161\u00ed celek. R\u00e1d \u0159e\u0161\u00edm i dal\u0161\u00ed v\u011bci okolo v\u010detn\u011b toho jak pracovat&nbsp;jednodu\u0161e a efektivn\u011b.<\/strong><\/p>\n","protected":false},"excerpt":{"rendered":"<p>V\u011b\u010dn\u00fd optimista, kter\u00fd se to\u010d\u00ed okolo internetu, jeho budov\u00e1n\u00ed, syst\u00e9m\u016f pro spr\u00e1vu a skriptov\u00e1n\u00ed. Projekty: Syst\u00e9m pro ISP Nasazen\u00fd na n\u011bkolika pobo\u010dk\u00e1ch po \u010cR. Kompletn\u00ed spr\u00e1va z\u00e1kazn\u00edk\u016f a za\u0159\u00edzen\u00ed, e-maily, fakturace v\u010d. syst\u00e9mu pro upom\u00edn\u00e1n\u00ed, generov\u00e1n\u00ed PDF, dohled za\u0159\u00edzen\u00ed, interaktivn\u00ed&#8230; <a class=\"more-link\" href=\"https:\/\/tricker.cz\/?page_id=360\">Pokra\u010dovat ve \u010dten\u00ed &rarr;<\/a><\/p>\n","protected":false},"author":1,"featured_media":0,"parent":0,"menu_order":0,"comment_status":"closed","ping_status":"closed","template":"","meta":{"footnotes":""},"_links":{"self":[{"href":"https:\/\/tricker.cz\/index.php?rest_route=\/wp\/v2\/pages\/360"}],"collection":[{"href":"https:\/\/tricker.cz\/index.php?rest_route=\/wp\/v2\/pages"}],"about":[{"href":"https:\/\/tricker.cz\/index.php?rest_route=\/wp\/v2\/types\/page"}],"author":[{"embeddable":true,"href":"https:\/\/tricker.cz\/index.php?rest_route=\/wp\/v2\/users\/1"}],"replies":[{"embeddable":true,"href":"https:\/\/tricker.cz\/index.php?rest_route=%2Fwp%2Fv2%2Fcomments&post=360"}],"version-history":[{"count":24,"href":"https:\/\/tricker.cz\/index.php?rest_route=\/wp\/v2\/pages\/360\/revisions"}],"predecessor-version":[{"id":663,"href":"https:\/\/tricker.cz\/index.php?rest_route=\/wp\/v2\/pages\/360\/revisions\/663"}],"wp:attachment":[{"href":"https:\/\/tricker.cz\/index.php?rest_route=%2Fwp%2Fv2%2Fmedia&parent=360"}],"curies":[{"name":"wp","href":"https:\/\/api.w.org\/{rel}","templated":true}]}}